{"id":2300,"date":"2026-02-17T09:18:22","date_gmt":"2026-02-17T08:18:22","guid":{"rendered":"https:\/\/najerarooms.com\/?page_id=2300"},"modified":"2026-03-15T21:38:55","modified_gmt":"2026-03-15T20:38:55","slug":"nosotros","status":"publish","type":"page","link":"https:\/\/najerarooms.com\/en\/nosotros\/","title":{"rendered":"Nosotros"},"content":{"rendered":"\t\t<div data-elementor-type=\"wp-page\" data-elementor-id=\"2300\" class=\"elementor elementor-2300\" data-elementor-post-type=\"page\">\n\t\t\t\t<div class=\"elementor-element elementor-element-40f6892 e-flex e-con-boxed e-con e-parent\" data-id=\"40f6892\" data-element_type=\"container\" data-e-type=\"container\" data-settings=\"{&quot;background_background&quot;:&quot;classic&quot;}\">\n\t\t\t\t\t<div class=\"e-con-inner\">\n\t\t\t\t<div class=\"elementor-element elementor-element-2e75db9 elementor-widget elementor-widget-heading\" data-id=\"2e75db9\" data-element_type=\"widget\" data-e-type=\"widget\" data-widget_type=\"heading.default\">\n\t\t\t\t\t<h1 class=\"elementor-heading-title elementor-size-default\">N\u00e1jera Rooms in La Rioja<\/h1>\t\t\t\t<\/div>\n\t\t\t\t<div class=\"elementor-element elementor-element-ba535dd elementor-widget elementor-widget-heading\" data-id=\"ba535dd\" data-element_type=\"widget\" data-e-type=\"widget\" data-widget_type=\"heading.default\">\n\t\t\t\t\t<h2 class=\"elementor-heading-title elementor-size-default\">About us<\/h2>\t\t\t\t<\/div>\n\t\t\t\t\t<\/div>\n\t\t\t\t<\/div>\n\t\t<div class=\"elementor-element elementor-element-ded006e e-con-full e-flex e-con e-parent\" data-id=\"ded006e\" data-element_type=\"container\" data-e-type=\"container\">\n\t\t<div class=\"elementor-element elementor-element-ae35cda e-con-full e-flex e-con e-child\" data-id=\"ae35cda\" data-element_type=\"container\" data-e-type=\"container\">\n\t\t\t\t<div class=\"elementor-element elementor-element-b2bf4e6 elementor-widget elementor-widget-heading\" data-id=\"b2bf4e6\" data-element_type=\"widget\" data-e-type=\"widget\" data-widget_type=\"heading.default\">\n\t\t\t\t\t<h2 class=\"elementor-heading-title elementor-size-default\">Hospitality <br>with roots in N\u00e1jera<\/h2>\t\t\t\t<\/div>\n\t\t\t\t<div class=\"elementor-element elementor-element-ead7e76 elementor-widget elementor-widget-text-editor\" data-id=\"ead7e76\" data-element_type=\"widget\" data-e-type=\"widget\" data-widget_type=\"text-editor.default\">\n\t\t\t\t\t\t\t\t\t<p>So you can experience La Rioja like a local<\/p>\t\t\t\t\t\t\t\t<\/div>\n\t\t\t\t<div class=\"elementor-element elementor-element-15ce96c elementor-widget elementor-widget-text-editor\" data-id=\"15ce96c\" data-element_type=\"widget\" data-e-type=\"widget\" data-widget_type=\"text-editor.default\">\n\t\t\t\t\t\t\t\t\t<p>We are a local initiative based in N\u00e1jera and La Rioja. We know this region well \u2013 its history, its landscapes and its people \u2013 and we want to share it with you by offering comfortable, well-located accommodation designed to ensure you have a carefree stay.<\/p><p>Our mission is to make every guest feel at home from the moment they arrive, whether you\u2019re visiting us for leisure, on the Camino de Santiago, for work, or simply to unwind for a few days.<\/p>\t\t\t\t\t\t\t\t<\/div>\n\t\t\t\t<\/div>\n\t\t\t\t<\/div>\n\t\t<div class=\"elementor-element elementor-element-01d22af e-con-full e-flex e-con e-parent\" data-id=\"01d22af\" data-element_type=\"container\" data-e-type=\"container\">\n\t\t<div class=\"elementor-element elementor-element-b594f5a e-con-full animated-slow e-flex elementor-invisible e-con e-child\" data-id=\"b594f5a\" data-element_type=\"container\" data-e-type=\"container\" data-settings=\"{&quot;motion_fx_motion_fx_scrolling&quot;:&quot;yes&quot;,&quot;motion_fx_translateY_effect&quot;:&quot;yes&quot;,&quot;motion_fx_devices&quot;:[&quot;desktop&quot;,&quot;laptop&quot;,&quot;tablet&quot;],&quot;motion_fx_range&quot;:&quot;viewport&quot;,&quot;animation&quot;:&quot;slideInUp&quot;,&quot;background_background&quot;:&quot;classic&quot;,&quot;motion_fx_translateY_speed&quot;:{&quot;unit&quot;:&quot;px&quot;,&quot;size&quot;:4,&quot;sizes&quot;:[]},&quot;motion_fx_translateY_affectedRange&quot;:{&quot;unit&quot;:&quot;%&quot;,&quot;size&quot;:&quot;&quot;,&quot;sizes&quot;:{&quot;start&quot;:0,&quot;end&quot;:100}}}\">\n\t\t\t\t<div class=\"elementor-element elementor-element-a0755dc elementor-widget elementor-widget-image\" data-id=\"a0755dc\" data-element_type=\"widget\" data-e-type=\"widget\" data-widget_type=\"image.default\">\n\t\t\t\t\t\t\t\t\t\t\t\t\t\t\t<img fetchpriority=\"high\" decoding=\"async\" width=\"1900\" height=\"1251\" src=\"https:\/\/najerarooms.com\/en\/wp-content\/uploads\/sites\/2\/Vista.webp\" class=\"attachment-large size-large wp-image-2208\" alt=\"Vista\" srcset=\"https:\/\/najerarooms.com\/en\/wp-content\/uploads\/sites\/2\/Vista.webp 1900w, https:\/\/najerarooms.com\/en\/wp-content\/uploads\/sites\/2\/Vista-768x506.webp 768w, https:\/\/najerarooms.com\/en\/wp-content\/uploads\/sites\/2\/Vista-1536x1011.webp 1536w\" sizes=\"(max-width: 1900px) 100vw, 1900px\" \/>\t\t\t\t\t\t\t\t\t\t\t\t\t\t\t<\/div>\n\t\t\t\t<div class=\"elementor-element elementor-element-5c77868 elementor-widget__width-initial elementor-absolute elementor-widget elementor-widget-image\" data-id=\"5c77868\" data-element_type=\"widget\" data-e-type=\"widget\" data-settings=\"{&quot;_position&quot;:&quot;absolute&quot;}\" data-widget_type=\"image.default\">\n\t\t\t\t\t\t\t\t\t\t\t\t\t\t\t<img decoding=\"async\" width=\"1200\" height=\"900\" src=\"https:\/\/najerarooms.com\/en\/wp-content\/uploads\/sites\/2\/s-Ciudad_de_Najera-_en_La_Rioja-_Espana.webp\" class=\"attachment-large size-large wp-image-2160\" alt=\"s Ciudad de N\u00e1jera en La Rioja Espa\u00f1a\" srcset=\"https:\/\/najerarooms.com\/en\/wp-content\/uploads\/sites\/2\/s-Ciudad_de_Najera-_en_La_Rioja-_Espana.webp 1200w, https:\/\/najerarooms.com\/en\/wp-content\/uploads\/sites\/2\/s-Ciudad_de_Najera-_en_La_Rioja-_Espana-768x576.webp 768w\" sizes=\"(max-width: 1200px) 100vw, 1200px\" \/>\t\t\t\t\t\t\t\t\t\t\t\t\t\t\t<\/div>\n\t\t\t\t<\/div>\n\t\t\t\t<\/div>\n\t\t<div class=\"elementor-element elementor-element-b17435b e-flex e-con-boxed e-con e-parent\" data-id=\"b17435b\" data-element_type=\"container\" data-e-type=\"container\">\n\t\t\t\t\t<div class=\"e-con-inner\">\n\t\t<div class=\"elementor-element elementor-element-eacc06e e-con-full e-flex e-con e-child\" data-id=\"eacc06e\" data-element_type=\"container\" data-e-type=\"container\" data-settings=\"{&quot;background_background&quot;:&quot;classic&quot;}\">\n\t\t\t\t<\/div>\n\t\t<div class=\"elementor-element elementor-element-9043bb4 e-con-full animated-slow e-flex elementor-invisible e-con e-child\" data-id=\"9043bb4\" data-element_type=\"container\" data-e-type=\"container\" data-settings=\"{&quot;animation&quot;:&quot;slideInRight&quot;}\">\n\t\t\t\t<div class=\"elementor-element elementor-element-1df7755 elementor-widget elementor-widget-heading\" data-id=\"1df7755\" data-element_type=\"widget\" data-e-type=\"widget\" data-widget_type=\"heading.default\">\n\t\t\t\t\t<h2 class=\"elementor-heading-title elementor-size-default\">Our philosophy<\/h2>\t\t\t\t<\/div>\n\t\t\t\t<div class=\"elementor-element elementor-element-2dc4d4b elementor-widget elementor-widget-text-editor\" data-id=\"2dc4d4b\" data-element_type=\"widget\" data-e-type=\"widget\" data-widget_type=\"text-editor.default\">\n\t\t\t\t\t\t\t\t\tWe believe that good accommodation is much more than just a place to sleep. That\u2019s why we pay attention to every detail:\n<ul>\n \t<li>Clean, welcoming and well-equipped spaces<\/li>\n \t<li>A friendly approach and personalised service<\/li>\n \t<li>Authentic local information, not the kind you\u2019d find in a tourist brochure<\/li>\n \t<li>Respeto por el entorno<\/li>\n<\/ul>\t\t\t\t\t\t\t\t<\/div>\n\t\t\t\t<\/div>\n\t\t\t\t\t<\/div>\n\t\t\t\t<\/div>\n\t\t<div class=\"elementor-element elementor-element-ffdfb07 e-flex e-con-boxed e-con e-parent\" data-id=\"ffdfb07\" data-element_type=\"container\" data-e-type=\"container\">\n\t\t\t\t\t<div class=\"e-con-inner\">\n\t\t<div class=\"elementor-element elementor-element-00dec86 e-con-full e-flex elementor-invisible e-con e-child\" data-id=\"00dec86\" data-element_type=\"container\" data-e-type=\"container\" data-settings=\"{&quot;animation&quot;:&quot;slideInLeft&quot;}\">\n\t\t\t\t<div class=\"elementor-element elementor-element-5887e36 elementor-widget elementor-widget-heading\" data-id=\"5887e36\" data-element_type=\"widget\" data-e-type=\"widget\" data-widget_type=\"heading.default\">\n\t\t\t\t\t<h2 class=\"elementor-heading-title elementor-size-default\">Local Knowledge, <br>Real-World Experience<\/h2>\t\t\t\t<\/div>\n\t\t\t\t<div class=\"elementor-element elementor-element-68746a5 elementor-widget elementor-widget-text-editor\" data-id=\"68746a5\" data-element_type=\"widget\" data-e-type=\"widget\" data-widget_type=\"text-editor.default\">\n\t\t\t\t\t\t\t\t\t<strong>We live here, and that makes all the difference. We\u2019d recommend:<\/strong>\n<ul>\n \t<li>Restaurants where the locals eat<\/li>\n \t<li>Charming wineries<\/li>\n \t<li>Nature trails and historical walks<\/li>\n \t<li>Activities by season<\/li>\n<\/ul>\nQueremos que descubras La Rioja de verdad, m\u00e1s all\u00e1 de lo t\u00edpico.\t\t\t\t\t\t\t\t<\/div>\n\t\t\t\t<\/div>\n\t\t<div class=\"elementor-element elementor-element-cad44bc e-con-full e-flex e-con e-child\" data-id=\"cad44bc\" data-element_type=\"container\" data-e-type=\"container\" data-settings=\"{&quot;background_background&quot;:&quot;classic&quot;}\">\n\t\t\t\t<\/div>\n\t\t\t\t\t<\/div>\n\t\t\t\t<\/div>\n\t\t<div class=\"elementor-element elementor-element-d77d8da e-flex e-con-boxed e-con e-parent\" data-id=\"d77d8da\" data-element_type=\"container\" data-e-type=\"container\">\n\t\t\t\t\t<div class=\"e-con-inner\">\n\t\t<div class=\"elementor-element elementor-element-8a2479a e-con-full e-flex e-con e-child\" data-id=\"8a2479a\" data-element_type=\"container\" data-e-type=\"container\" data-settings=\"{&quot;background_background&quot;:&quot;classic&quot;}\">\n\t\t\t\t<\/div>\n\t\t<div class=\"elementor-element elementor-element-ccf6fa6 e-con-full animated-slow e-flex elementor-invisible e-con e-child\" data-id=\"ccf6fa6\" data-element_type=\"container\" data-e-type=\"container\" data-settings=\"{&quot;animation&quot;:&quot;slideInRight&quot;}\">\n\t\t\t\t<div class=\"elementor-element elementor-element-14a667a elementor-widget elementor-widget-heading\" data-id=\"14a667a\" data-element_type=\"widget\" data-e-type=\"widget\" data-widget_type=\"heading.default\">\n\t\t\t\t\t<h2 class=\"elementor-heading-title elementor-size-default\">Commitment<\/h2>\t\t\t\t<\/div>\n\t\t\t\t<div class=\"elementor-element elementor-element-7be476d elementor-widget elementor-widget-text-editor\" data-id=\"7be476d\" data-element_type=\"widget\" data-e-type=\"widget\" data-widget_type=\"text-editor.default\">\n\t\t\t\t\t\t\t\t\t<p>With our guests<\/p>\t\t\t\t\t\t\t\t<\/div>\n\t\t\t\t<div class=\"elementor-element elementor-element-2ecb768 elementor-widget elementor-widget-text-editor\" data-id=\"2ecb768\" data-element_type=\"widget\" data-e-type=\"widget\" data-widget_type=\"text-editor.default\">\n\t\t\t\t\t\t\t\t\tWe strive every day to offer:\n<ul>\n \t<li>Transparency and fair prices<\/li>\n \t<li>Quick and direct communication<\/li>\n \t<li>Flexibility wherever possible<\/li>\n \t<li>Una experiencia aut\u00e9ntica y memorable<\/li>\n<\/ul>\t\t\t\t\t\t\t\t<\/div>\n\t\t\t\t<\/div>\n\t\t\t\t\t<\/div>\n\t\t\t\t<\/div>\n\t\t<div class=\"elementor-element elementor-element-bfa2d58 e-flex e-con-boxed e-con e-parent\" data-id=\"bfa2d58\" data-element_type=\"container\" data-e-type=\"container\" data-settings=\"{&quot;background_background&quot;:&quot;classic&quot;}\">\n\t\t\t\t\t<div class=\"e-con-inner\">\n\t\t\t\t<div class=\"elementor-element elementor-element-1046f8d elementor-widget elementor-widget-heading\" data-id=\"1046f8d\" data-element_type=\"widget\" data-e-type=\"widget\" data-widget_type=\"heading.default\">\n\t\t\t\t\t<h2 class=\"elementor-heading-title elementor-size-default\">Official website<\/h2>\t\t\t\t<\/div>\n\t\t\t\t<div class=\"elementor-element elementor-element-9c1e6a3 elementor-widget__width-initial elementor-widget-tablet__width-initial elementor-widget elementor-widget-text-editor\" data-id=\"9c1e6a3\" data-element_type=\"widget\" data-e-type=\"widget\" data-widget_type=\"text-editor.default\">\n\t\t\t\t\t\t\t\t\t<h3><strong>We look forward to seeing you!<\/strong><\/h3>\nWhether you\u2019re travelling alone, as a couple, with your family or in a group, we\u2019ll be delighted to welcome you and help you enjoy an unforgettable stay in N\u00e1jera, the heart of La Rioja.\t\t\t\t\t\t\t\t<\/div>\n\t\t\t\t<div class=\"elementor-element elementor-element-f48a570 elementor-widget-mobile__width-initial elementor-align-left elementor-widget elementor-widget-button\" data-id=\"f48a570\" data-element_type=\"widget\" data-e-type=\"widget\" data-widget_type=\"button.default\">\n\t\t\t\t\t\t\t\t\t\t<a class=\"elementor-button elementor-button-link elementor-size-sm\" href=\"https:\/\/booking.avirato.com\/?code=20430965&#038;lang=en\" target=\"_blank\">\n\t\t\t\t\t\t<span class=\"elementor-button-content-wrapper\">\n\t\t\t\t\t\t<span class=\"elementor-button-icon\">\n\t\t\t\t<svg aria-hidden=\"true\" class=\"e-font-icon-svg e-fas-circle\" viewBox=\"0 0 512 512\" xmlns=\"http:\/\/www.w3.org\/2000\/svg\"><path d=\"M256 8C119 8 8 119 8 256s111 248 248 248 248-111 248-248S393 8 256 8z\"><\/path><\/svg>\t\t\t<\/span>\n\t\t\t\t\t\t\t\t\t<span class=\"elementor-button-text\">Book at the best price<\/span>\n\t\t\t\t\t<\/span>\n\t\t\t\t\t<\/a>\n\t\t\t\t\t\t\t\t<\/div>\n\t\t\t\t\t<\/div>\n\t\t\t\t<\/div>\n\t\t\t\t<\/div>\n\t\t","protected":false},"excerpt":{"rendered":"<p>N\u00e1jera Rooms in La Rioja About us Hospitality with roots in N\u00e1jera So you can experience La Rioja like a local We are a local initiative based in N\u00e1jera and La Rioja. We know this region well \u2013 its history, its landscapes and its people \u2013 and we want to share it with you by [&hellip;]<\/p>\n","protected":false},"author":1,"featured_media":0,"parent":0,"menu_order":0,"comment_status":"closed","ping_status":"closed","template":"elementor_header_footer","meta":{"editor_notices":[],"footnotes":""},"class_list":["post-2300","page","type-page","status-publish","hentry"],"yoast_head":"<!-- This site is optimized with the Yoast SEO plugin v27.2 - https:\/\/yoast.com\/product\/yoast-seo-wordpress\/ -->\n<title>Nosotros - Najera Rooms<\/title>\n<meta name=\"description\" content=\"Conoce N\u00e1jera Rooms, un proyecto local dedicado a ofrecer apartamentos tur\u00edsticos con trato cercano y reserva directa al mejor precio.\" \/>\n<meta name=\"robots\" content=\"index, follow, max-snippet:-1, max-image-preview:large, max-video-preview:-1\" \/>\n<link rel=\"canonical\" href=\"https:\/\/najerarooms.com\/en\/nosotros\/\" \/>\n<meta property=\"og:locale\" content=\"es_ES\" \/>\n<meta property=\"og:type\" content=\"article\" \/>\n<meta property=\"og:title\" content=\"Nosotros - Najera Rooms\" \/>\n<meta property=\"og:description\" content=\"Conoce N\u00e1jera Rooms, un proyecto local dedicado a ofrecer apartamentos tur\u00edsticos con trato cercano y reserva directa al mejor precio.\" \/>\n<meta property=\"og:url\" content=\"https:\/\/najerarooms.com\/en\/nosotros\/\" \/>\n<meta property=\"og:site_name\" content=\"Najera Rooms\" \/>\n<meta property=\"article:modified_time\" content=\"2026-03-15T20:38:55+00:00\" \/>\n<meta property=\"og:image\" content=\"https:\/\/najerarooms.com\/en\/wp-content\/uploads\/sites\/2\/Vista.webp\" \/>\n\t<meta property=\"og:image:width\" content=\"1900\" \/>\n\t<meta property=\"og:image:height\" content=\"1251\" \/>\n\t<meta property=\"og:image:type\" content=\"image\/webp\" \/>\n<meta name=\"twitter:card\" content=\"summary_large_image\" \/>\n<meta name=\"twitter:label1\" content=\"Tiempo de lectura\" \/>\n\t<meta name=\"twitter:data1\" content=\"2 minutos\" \/>\n<script type=\"application\/ld+json\" class=\"yoast-schema-graph\">{\"@context\":\"https:\/\/schema.org\",\"@graph\":[{\"@type\":\"WebPage\",\"@id\":\"https:\/\/najerarooms.com\/en\/nosotros\/\",\"url\":\"https:\/\/najerarooms.com\/en\/nosotros\/\",\"name\":\"Nosotros - Najera Rooms\",\"isPartOf\":{\"@id\":\"https:\/\/najerarooms.com\/en\/#website\"},\"primaryImageOfPage\":{\"@id\":\"https:\/\/najerarooms.com\/en\/nosotros\/#primaryimage\"},\"image\":{\"@id\":\"https:\/\/najerarooms.com\/en\/nosotros\/#primaryimage\"},\"thumbnailUrl\":\"https:\/\/najerarooms.com\/en\/wp-content\/uploads\/sites\/2\/Vista.webp\",\"datePublished\":\"2026-02-17T08:18:22+00:00\",\"dateModified\":\"2026-03-15T20:38:55+00:00\",\"description\":\"Conoce N\u00e1jera Rooms, un proyecto local dedicado a ofrecer apartamentos tur\u00edsticos con trato cercano y reserva directa al mejor precio.\",\"breadcrumb\":{\"@id\":\"https:\/\/najerarooms.com\/en\/nosotros\/#breadcrumb\"},\"inLanguage\":\"es\",\"potentialAction\":[{\"@type\":\"ReadAction\",\"target\":[\"https:\/\/najerarooms.com\/en\/nosotros\/\"]}]},{\"@type\":\"ImageObject\",\"inLanguage\":\"es\",\"@id\":\"https:\/\/najerarooms.com\/en\/nosotros\/#primaryimage\",\"url\":\"https:\/\/najerarooms.com\/en\/wp-content\/uploads\/sites\/2\/Vista.webp\",\"contentUrl\":\"https:\/\/najerarooms.com\/en\/wp-content\/uploads\/sites\/2\/Vista.webp\",\"width\":1900,\"height\":1251,\"caption\":\"Vista\"},{\"@type\":\"BreadcrumbList\",\"@id\":\"https:\/\/najerarooms.com\/en\/nosotros\/#breadcrumb\",\"itemListElement\":[{\"@type\":\"ListItem\",\"position\":1,\"name\":\"Portada\",\"item\":\"https:\/\/najerarooms.com\/en\/\"},{\"@type\":\"ListItem\",\"position\":2,\"name\":\"Nosotros\"}]},{\"@type\":\"WebSite\",\"@id\":\"https:\/\/najerarooms.com\/en\/#website\",\"url\":\"https:\/\/najerarooms.com\/en\/\",\"name\":\"Najera Rooms\",\"description\":\"Holiday accommodation in N\u00e1jera | Apartments in La Rioja\",\"publisher\":{\"@id\":\"https:\/\/najerarooms.com\/en\/#organization\"},\"potentialAction\":[{\"@type\":\"SearchAction\",\"target\":{\"@type\":\"EntryPoint\",\"urlTemplate\":\"https:\/\/najerarooms.com\/en\/?s={search_term_string}\"},\"query-input\":{\"@type\":\"PropertyValueSpecification\",\"valueRequired\":true,\"valueName\":\"search_term_string\"}}],\"inLanguage\":\"es\"},{\"@type\":\"Organization\",\"@id\":\"https:\/\/najerarooms.com\/en\/#organization\",\"name\":\"Najera Rooms\",\"url\":\"https:\/\/najerarooms.com\/en\/\",\"logo\":{\"@type\":\"ImageObject\",\"inLanguage\":\"es\",\"@id\":\"https:\/\/najerarooms.com\/en\/#\/schema\/logo\/image\/\",\"url\":\"https:\/\/najerarooms.com\/en\/wp-content\/uploads\/sites\/2\/NR-logo.webp\",\"contentUrl\":\"https:\/\/najerarooms.com\/en\/wp-content\/uploads\/sites\/2\/NR-logo.webp\",\"width\":200,\"height\":190,\"caption\":\"Najera Rooms\"},\"image\":{\"@id\":\"https:\/\/najerarooms.com\/en\/#\/schema\/logo\/image\/\"}}]}<\/script>\n<!-- \/ Yoast SEO plugin. -->","yoast_head_json":{"title":"Nosotros - Najera Rooms","description":"Conoce N\u00e1jera Rooms, un proyecto local dedicado a ofrecer apartamentos tur\u00edsticos con trato cercano y reserva directa al mejor precio.","robots":{"index":"index","follow":"follow","max-snippet":"max-snippet:-1","max-image-preview":"max-image-preview:large","max-video-preview":"max-video-preview:-1"},"canonical":"https:\/\/najerarooms.com\/en\/nosotros\/","og_locale":"es_ES","og_type":"article","og_title":"Nosotros - Najera Rooms","og_description":"Conoce N\u00e1jera Rooms, un proyecto local dedicado a ofrecer apartamentos tur\u00edsticos con trato cercano y reserva directa al mejor precio.","og_url":"https:\/\/najerarooms.com\/en\/nosotros\/","og_site_name":"Najera Rooms","article_modified_time":"2026-03-15T20:38:55+00:00","og_image":[{"width":1900,"height":1251,"url":"https:\/\/najerarooms.com\/en\/wp-content\/uploads\/sites\/2\/Vista.webp","type":"image\/webp"}],"twitter_card":"summary_large_image","twitter_misc":{"Tiempo de lectura":"2 minutos"},"schema":{"@context":"https:\/\/schema.org","@graph":[{"@type":"WebPage","@id":"https:\/\/najerarooms.com\/en\/nosotros\/","url":"https:\/\/najerarooms.com\/en\/nosotros\/","name":"Nosotros - Najera Rooms","isPartOf":{"@id":"https:\/\/najerarooms.com\/en\/#website"},"primaryImageOfPage":{"@id":"https:\/\/najerarooms.com\/en\/nosotros\/#primaryimage"},"image":{"@id":"https:\/\/najerarooms.com\/en\/nosotros\/#primaryimage"},"thumbnailUrl":"https:\/\/najerarooms.com\/en\/wp-content\/uploads\/sites\/2\/Vista.webp","datePublished":"2026-02-17T08:18:22+00:00","dateModified":"2026-03-15T20:38:55+00:00","description":"Conoce N\u00e1jera Rooms, un proyecto local dedicado a ofrecer apartamentos tur\u00edsticos con trato cercano y reserva directa al mejor precio.","breadcrumb":{"@id":"https:\/\/najerarooms.com\/en\/nosotros\/#breadcrumb"},"inLanguage":"es","potentialAction":[{"@type":"ReadAction","target":["https:\/\/najerarooms.com\/en\/nosotros\/"]}]},{"@type":"ImageObject","inLanguage":"es","@id":"https:\/\/najerarooms.com\/en\/nosotros\/#primaryimage","url":"https:\/\/najerarooms.com\/en\/wp-content\/uploads\/sites\/2\/Vista.webp","contentUrl":"https:\/\/najerarooms.com\/en\/wp-content\/uploads\/sites\/2\/Vista.webp","width":1900,"height":1251,"caption":"Vista"},{"@type":"BreadcrumbList","@id":"https:\/\/najerarooms.com\/en\/nosotros\/#breadcrumb","itemListElement":[{"@type":"ListItem","position":1,"name":"Portada","item":"https:\/\/najerarooms.com\/en\/"},{"@type":"ListItem","position":2,"name":"Nosotros"}]},{"@type":"WebSite","@id":"https:\/\/najerarooms.com\/en\/#website","url":"https:\/\/najerarooms.com\/en\/","name":"Najera Rooms","description":"Holiday accommodation in N\u00e1jera | Apartments in La Rioja","publisher":{"@id":"https:\/\/najerarooms.com\/en\/#organization"},"potentialAction":[{"@type":"SearchAction","target":{"@type":"EntryPoint","urlTemplate":"https:\/\/najerarooms.com\/en\/?s={search_term_string}"},"query-input":{"@type":"PropertyValueSpecification","valueRequired":true,"valueName":"search_term_string"}}],"inLanguage":"es"},{"@type":"Organization","@id":"https:\/\/najerarooms.com\/en\/#organization","name":"Najera Rooms","url":"https:\/\/najerarooms.com\/en\/","logo":{"@type":"ImageObject","inLanguage":"es","@id":"https:\/\/najerarooms.com\/en\/#\/schema\/logo\/image\/","url":"https:\/\/najerarooms.com\/en\/wp-content\/uploads\/sites\/2\/NR-logo.webp","contentUrl":"https:\/\/najerarooms.com\/en\/wp-content\/uploads\/sites\/2\/NR-logo.webp","width":200,"height":190,"caption":"Najera Rooms"},"image":{"@id":"https:\/\/najerarooms.com\/en\/#\/schema\/logo\/image\/"}}]}},"_links":{"self":[{"href":"https:\/\/najerarooms.com\/en\/wp-json\/wp\/v2\/pages\/2300","targetHints":{"allow":["GET"]}}],"collection":[{"href":"https:\/\/najerarooms.com\/en\/wp-json\/wp\/v2\/pages"}],"about":[{"href":"https:\/\/najerarooms.com\/en\/wp-json\/wp\/v2\/types\/page"}],"author":[{"embeddable":true,"href":"https:\/\/najerarooms.com\/en\/wp-json\/wp\/v2\/users\/1"}],"replies":[{"embeddable":true,"href":"https:\/\/najerarooms.com\/en\/wp-json\/wp\/v2\/comments?post=2300"}],"version-history":[{"count":15,"href":"https:\/\/najerarooms.com\/en\/wp-json\/wp\/v2\/pages\/2300\/revisions"}],"predecessor-version":[{"id":3109,"href":"https:\/\/najerarooms.com\/en\/wp-json\/wp\/v2\/pages\/2300\/revisions\/3109"}],"wp:attachment":[{"href":"https:\/\/najerarooms.com\/en\/wp-json\/wp\/v2\/media?parent=2300"}],"curies":[{"name":"wp","href":"https:\/\/api.w.org\/{rel}","templated":true}]}}